{"id":2431,"date":"2015-03-19T13:02:02","date_gmt":"2015-03-19T12:02:02","guid":{"rendered":"http:\/\/www.msg-granit.pl\/wiosenna-odslona-nowych-materialow-msg-granit-2\/"},"modified":"2019-02-21T12:22:48","modified_gmt":"2019-02-21T11:22:48","slug":"wiosenna-odslona-nowych-materialow-msg-granit","status":"publish","type":"page","link":"https:\/\/www.msg-granit.pl\/en\/wiosenna-odslona-nowych-materialow-msg-granit\/","title":{"rendered":"Wiosenna ods\u0142ona nowych materia\u0142\u00f3w w MSG Granit"},"content":{"rendered":"<p>[et_pb_section admin_label=&#8221;section&#8221;]<br \/>\n\t\t[et_pb_row admin_label=&#8221;row&#8221;]<br \/>\n\t\t\t[et_pb_column type=&#8221;4_4&#8243;]<br \/>\n\t\t\t\t[et_pb_text admin_label=&#8221;Text&#8221;]<br \/>\n\t\t\t\t\t<div id=\"attachment_3464\" style=\"width: 1034px\" class=\"wp-caption alignnone\"><img loading=\"lazy\" decoding=\"async\" aria-describedby=\"caption-attachment-3464\" src=\"http:\/\/www.msg-granit.pl\/wp-content\/uploads\/2019\/02\/IMG_6324-1024x768.jpg\" alt=\"\" width=\"1024\" height=\"768\" class=\"size-large wp-image-3464\" srcset=\"https:\/\/www.msg-granit.pl\/wp-content\/uploads\/2019\/02\/IMG_6324-1024x768.jpg 1024w, https:\/\/www.msg-granit.pl\/wp-content\/uploads\/2019\/02\/IMG_6324-300x225.jpg 300w, https:\/\/www.msg-granit.pl\/wp-content\/uploads\/2019\/02\/IMG_6324-768x576.jpg 768w, https:\/\/www.msg-granit.pl\/wp-content\/uploads\/2019\/02\/IMG_6324-510x382.jpg 510w, https:\/\/www.msg-granit.pl\/wp-content\/uploads\/2019\/02\/IMG_6324-1080x810.jpg 1080w\" sizes=\"(max-width: 1024px) 100vw, 1024px\" \/><p id=\"caption-attachment-3464\" class=\"wp-caption-text\">Mascarello<\/p><\/div><div id=\"attachment_3462\" style=\"width: 1034px\" class=\"wp-caption alignnone\"><img loading=\"lazy\" decoding=\"async\" aria-describedby=\"caption-attachment-3462\" src=\"http:\/\/www.msg-granit.pl\/wp-content\/uploads\/2019\/02\/IMG_6321-1024x768.jpg\" alt=\"\" width=\"1024\" height=\"768\" class=\"size-large wp-image-3462\" srcset=\"https:\/\/www.msg-granit.pl\/wp-content\/uploads\/2019\/02\/IMG_6321-1024x768.jpg 1024w, https:\/\/www.msg-granit.pl\/wp-content\/uploads\/2019\/02\/IMG_6321-300x225.jpg 300w, https:\/\/www.msg-granit.pl\/wp-content\/uploads\/2019\/02\/IMG_6321-768x576.jpg 768w, https:\/\/www.msg-granit.pl\/wp-content\/uploads\/2019\/02\/IMG_6321-510x382.jpg 510w, https:\/\/www.msg-granit.pl\/wp-content\/uploads\/2019\/02\/IMG_6321-1080x810.jpg 1080w\" sizes=\"(max-width: 1024px) 100vw, 1024px\" \/><p id=\"caption-attachment-3462\" class=\"wp-caption-text\">Dacota Matrix<\/p><\/div><div id=\"attachment_3460\" style=\"width: 1034px\" class=\"wp-caption alignnone\"><img loading=\"lazy\" decoding=\"async\" aria-describedby=\"caption-attachment-3460\" src=\"http:\/\/www.msg-granit.pl\/wp-content\/uploads\/2019\/02\/IMG_6319-1024x768.jpg\" alt=\"\" width=\"1024\" height=\"768\" class=\"size-large wp-image-3460\" srcset=\"https:\/\/www.msg-granit.pl\/wp-content\/uploads\/2019\/02\/IMG_6319-1024x768.jpg 1024w, https:\/\/www.msg-granit.pl\/wp-content\/uploads\/2019\/02\/IMG_6319-300x225.jpg 300w, https:\/\/www.msg-granit.pl\/wp-content\/uploads\/2019\/02\/IMG_6319-768x576.jpg 768w, https:\/\/www.msg-granit.pl\/wp-content\/uploads\/2019\/02\/IMG_6319-510x382.jpg 510w, https:\/\/www.msg-granit.pl\/wp-content\/uploads\/2019\/02\/IMG_6319-1080x810.jpg 1080w\" sizes=\"(max-width: 1024px) 100vw, 1024px\" \/><p id=\"caption-attachment-3460\" class=\"wp-caption-text\">Colonial Gold<\/p><\/div><div id=\"attachment_3461\" style=\"width: 1034px\" class=\"wp-caption alignnone\"><img loading=\"lazy\" decoding=\"async\" aria-describedby=\"caption-attachment-3461\" src=\"http:\/\/www.msg-granit.pl\/wp-content\/uploads\/2019\/02\/IMG_6320-1024x768.jpg\" alt=\"\" width=\"1024\" height=\"768\" class=\"size-large wp-image-3461\" srcset=\"https:\/\/www.msg-granit.pl\/wp-content\/uploads\/2019\/02\/IMG_6320-1024x768.jpg 1024w, https:\/\/www.msg-granit.pl\/wp-content\/uploads\/2019\/02\/IMG_6320-300x225.jpg 300w, https:\/\/www.msg-granit.pl\/wp-content\/uploads\/2019\/02\/IMG_6320-768x576.jpg 768w, https:\/\/www.msg-granit.pl\/wp-content\/uploads\/2019\/02\/IMG_6320-510x382.jpg 510w, https:\/\/www.msg-granit.pl\/wp-content\/uploads\/2019\/02\/IMG_6320-1080x810.jpg 1080w\" sizes=\"(max-width: 1024px) 100vw, 1024px\" \/><p id=\"caption-attachment-3461\" class=\"wp-caption-text\">Astoria Gold<\/p><\/div><div id=\"attachment_3463\" style=\"width: 1034px\" class=\"wp-caption alignnone\"><img loading=\"lazy\" decoding=\"async\" aria-describedby=\"caption-attachment-3463\" src=\"http:\/\/www.msg-granit.pl\/wp-content\/uploads\/2019\/02\/IMG_6323-1024x768.jpg\" alt=\"\" width=\"1024\" height=\"768\" class=\"size-large wp-image-3463\" srcset=\"https:\/\/www.msg-granit.pl\/wp-content\/uploads\/2019\/02\/IMG_6323-1024x768.jpg 1024w, https:\/\/www.msg-granit.pl\/wp-content\/uploads\/2019\/02\/IMG_6323-300x225.jpg 300w, https:\/\/www.msg-granit.pl\/wp-content\/uploads\/2019\/02\/IMG_6323-768x576.jpg 768w, https:\/\/www.msg-granit.pl\/wp-content\/uploads\/2019\/02\/IMG_6323-510x382.jpg 510w, https:\/\/www.msg-granit.pl\/wp-content\/uploads\/2019\/02\/IMG_6323-1080x810.jpg 1080w\" sizes=\"(max-width: 1024px) 100vw, 1024px\" \/><p id=\"caption-attachment-3463\" class=\"wp-caption-text\">Ivory Gold<\/p><\/div><\/p>\n<h1 style=\"text-align: center;\">Granit naturalny Belveder<\/h1>\n<p><img loading=\"lazy\" decoding=\"async\" class=\"alignnone size-large wp-image-2422\" alt=\"BELVEDER\" src=\"http:\/\/www.msg-granit.pl\/wp-content\/uploads\/2015\/03\/DSCN8010-1024x682.jpg\" width=\"940\" height=\"626\" srcset=\"https:\/\/www.msg-granit.pl\/wp-content\/uploads\/2015\/03\/DSCN8010-1024x682.jpg 1024w, https:\/\/www.msg-granit.pl\/wp-content\/uploads\/2015\/03\/DSCN8010-300x200.jpg 300w, https:\/\/www.msg-granit.pl\/wp-content\/uploads\/2015\/03\/DSCN8010.jpg 1459w\" sizes=\"(max-width: 940px) 100vw, 940px\" \/><\/p>\n<h1 style=\"text-align: center;\">Granit naturalny Fusion Black<\/h1>\n<p><img loading=\"lazy\" decoding=\"async\" class=\"alignnone size-large wp-image-2342 aligncenter\" alt=\"DSCN7382\" src=\"http:\/\/www.msg-granit.pl\/wp-content\/uploads\/2015\/03\/DSCN7382-1024x682.jpg\" width=\"940\" height=\"626\" srcset=\"https:\/\/www.msg-granit.pl\/wp-content\/uploads\/2015\/03\/DSCN7382-1024x682.jpg 1024w, https:\/\/www.msg-granit.pl\/wp-content\/uploads\/2015\/03\/DSCN7382-300x200.jpg 300w, https:\/\/www.msg-granit.pl\/wp-content\/uploads\/2015\/03\/DSCN7382.jpg 1824w\" sizes=\"(max-width: 940px) 100vw, 940px\" \/><\/p>\n<h1 style=\"text-align: center;\">Granit naturalny Roso Pearl<\/h1>\n<p><img loading=\"lazy\" decoding=\"async\" class=\"alignnone size-large wp-image-2353 aligncenter\" alt=\"DSCN7407\" src=\"http:\/\/www.msg-granit.pl\/wp-content\/uploads\/2015\/03\/DSCN7407-1024x682.jpg\" width=\"940\" height=\"626\" srcset=\"https:\/\/www.msg-granit.pl\/wp-content\/uploads\/2015\/03\/DSCN7407-1024x682.jpg 1024w, https:\/\/www.msg-granit.pl\/wp-content\/uploads\/2015\/03\/DSCN7407-300x200.jpg 300w, https:\/\/www.msg-granit.pl\/wp-content\/uploads\/2015\/03\/DSCN7407.jpg 1824w\" sizes=\"(max-width: 940px) 100vw, 940px\" \/><\/p>\n<h1 style=\"text-align: center;\">Granit naturalny Tan Brown<\/h1>\n<p><img loading=\"lazy\" decoding=\"async\" class=\"alignnone size-large wp-image-2356 aligncenter\" alt=\"DSCN7421\" src=\"http:\/\/www.msg-granit.pl\/wp-content\/uploads\/2015\/03\/DSCN7421-1024x682.jpg\" width=\"940\" height=\"626\" srcset=\"https:\/\/www.msg-granit.pl\/wp-content\/uploads\/2015\/03\/DSCN7421-1024x682.jpg 1024w, https:\/\/www.msg-granit.pl\/wp-content\/uploads\/2015\/03\/DSCN7421-300x200.jpg 300w, https:\/\/www.msg-granit.pl\/wp-content\/uploads\/2015\/03\/DSCN7421.jpg 1824w\" sizes=\"(max-width: 940px) 100vw, 940px\" \/><\/p>\n<h1 style=\"text-align: center;\">Granit naturalny River White<\/h1>\n<p><img loading=\"lazy\" decoding=\"async\" class=\"alignnone size-large wp-image-2346 aligncenter\" alt=\"DSCN7391\" src=\"http:\/\/www.msg-granit.pl\/wp-content\/uploads\/2015\/03\/DSCN7391-1024x682.jpg\" width=\"940\" height=\"626\" srcset=\"https:\/\/www.msg-granit.pl\/wp-content\/uploads\/2015\/03\/DSCN7391-1024x682.jpg 1024w, https:\/\/www.msg-granit.pl\/wp-content\/uploads\/2015\/03\/DSCN7391-300x200.jpg 300w, https:\/\/www.msg-granit.pl\/wp-content\/uploads\/2015\/03\/DSCN7391.jpg 1824w\" sizes=\"(max-width: 940px) 100vw, 940px\" \/><\/p>\n<h1 style=\"text-align: center;\">Granit naturalny Typhoon<\/h1>\n<p><img loading=\"lazy\" decoding=\"async\" class=\"alignnone size-large wp-image-2351 aligncenter\" alt=\"DSCN7403\" src=\"http:\/\/www.msg-granit.pl\/wp-content\/uploads\/2015\/03\/DSCN7403-1024x682.jpg\" width=\"940\" height=\"626\" srcset=\"https:\/\/www.msg-granit.pl\/wp-content\/uploads\/2015\/03\/DSCN7403-1024x682.jpg 1024w, https:\/\/www.msg-granit.pl\/wp-content\/uploads\/2015\/03\/DSCN7403-300x200.jpg 300w, https:\/\/www.msg-granit.pl\/wp-content\/uploads\/2015\/03\/DSCN7403.jpg 1824w\" sizes=\"(max-width: 940px) 100vw, 940px\" \/><\/p>\n<h1 style=\"text-align: center;\">Granit naturalny Nero Angola<\/h1>\n<p><img loading=\"lazy\" decoding=\"async\" class=\"alignnone size-large wp-image-2355 aligncenter\" alt=\"DSCN7415\" src=\"http:\/\/www.msg-granit.pl\/wp-content\/uploads\/2015\/03\/DSCN7415-1024x682.jpg\" width=\"940\" height=\"626\" srcset=\"https:\/\/www.msg-granit.pl\/wp-content\/uploads\/2015\/03\/DSCN7415-1024x682.jpg 1024w, https:\/\/www.msg-granit.pl\/wp-content\/uploads\/2015\/03\/DSCN7415-300x200.jpg 300w, https:\/\/www.msg-granit.pl\/wp-content\/uploads\/2015\/03\/DSCN7415.jpg 1824w\" sizes=\"(max-width: 940px) 100vw, 940px\" \/><\/p>\n<h1 style=\"text-align: center;\">Granit naturalny Nero Absoluto<\/h1>\n<p><img loading=\"lazy\" decoding=\"async\" class=\"alignnone size-large wp-image-2345 aligncenter\" alt=\"DSCN7388\" src=\"http:\/\/www.msg-granit.pl\/wp-content\/uploads\/2015\/03\/DSCN7388-1024x682.jpg\" width=\"940\" height=\"626\" srcset=\"https:\/\/www.msg-granit.pl\/wp-content\/uploads\/2015\/03\/DSCN7388-1024x682.jpg 1024w, https:\/\/www.msg-granit.pl\/wp-content\/uploads\/2015\/03\/DSCN7388-300x200.jpg 300w, https:\/\/www.msg-granit.pl\/wp-content\/uploads\/2015\/03\/DSCN7388.jpg 1824w\" sizes=\"(max-width: 940px) 100vw, 940px\" \/><\/p>\n<p><img loading=\"lazy\" decoding=\"async\" class=\"alignnone size-large wp-image-2359\" alt=\"DSCN7426\" src=\"http:\/\/www.msg-granit.pl\/wp-content\/uploads\/2015\/03\/DSCN7426-1024x682.jpg\" width=\"940\" height=\"626\" srcset=\"https:\/\/www.msg-granit.pl\/wp-content\/uploads\/2015\/03\/DSCN7426-1024x682.jpg 1024w, https:\/\/www.msg-granit.pl\/wp-content\/uploads\/2015\/03\/DSCN7426-300x200.jpg 300w, https:\/\/www.msg-granit.pl\/wp-content\/uploads\/2015\/03\/DSCN7426.jpg 1824w\" sizes=\"(max-width: 940px) 100vw, 940px\" \/><\/p>\n<h1 style=\"text-align: center;\">Kwarcogranit Gobi Grey<\/h1>\n<p><img loading=\"lazy\" decoding=\"async\" class=\"alignnone size-large wp-image-2368\" alt=\"GOBI GREY\" src=\"http:\/\/www.msg-granit.pl\/wp-content\/uploads\/2015\/03\/IMG_20150520_123113-1024x768.jpg\" width=\"940\" height=\"705\" srcset=\"https:\/\/www.msg-granit.pl\/wp-content\/uploads\/2015\/03\/IMG_20150520_123113-1024x768.jpg 1024w, https:\/\/www.msg-granit.pl\/wp-content\/uploads\/2015\/03\/IMG_20150520_123113-300x225.jpg 300w, https:\/\/www.msg-granit.pl\/wp-content\/uploads\/2015\/03\/IMG_20150520_123113.jpg 2048w\" sizes=\"(max-width: 940px) 100vw, 940px\" \/><\/p>\n<h1 style=\"text-align: center;\">Granit naturalny Persa Antique<\/h1>\n<p><img loading=\"lazy\" decoding=\"async\" class=\"alignnone size-large wp-image-2341 aligncenter\" alt=\"DSCN7380\" src=\"http:\/\/www.msg-granit.pl\/wp-content\/uploads\/2015\/03\/DSCN7380-1024x682.jpg\" width=\"940\" height=\"626\" srcset=\"https:\/\/www.msg-granit.pl\/wp-content\/uploads\/2015\/03\/DSCN7380-1024x682.jpg 1024w, https:\/\/www.msg-granit.pl\/wp-content\/uploads\/2015\/03\/DSCN7380-300x200.jpg 300w, https:\/\/www.msg-granit.pl\/wp-content\/uploads\/2015\/03\/DSCN7380.jpg 1824w\" sizes=\"(max-width: 940px) 100vw, 940px\" \/><\/p>\n<h1 style=\"text-align: center;\">Granit naturalny Marron Kongo<\/h1>\n<p><img loading=\"lazy\" decoding=\"async\" class=\"alignnone size-large wp-image-2343 aligncenter\" alt=\"DSCN7385\" src=\"http:\/\/www.msg-granit.pl\/wp-content\/uploads\/2015\/03\/DSCN7385-1024x682.jpg\" width=\"940\" height=\"626\" srcset=\"https:\/\/www.msg-granit.pl\/wp-content\/uploads\/2015\/03\/DSCN7385-1024x682.jpg 1024w, https:\/\/www.msg-granit.pl\/wp-content\/uploads\/2015\/03\/DSCN7385-300x200.jpg 300w, https:\/\/www.msg-granit.pl\/wp-content\/uploads\/2015\/03\/DSCN7385.jpg 1824w\" sizes=\"(max-width: 940px) 100vw, 940px\" \/><\/p>\n<h1 style=\"text-align: center;\">Granit naturalny Star Galaxy<\/h1>\n<p><img loading=\"lazy\" decoding=\"async\" class=\"alignnone size-large wp-image-2344\" alt=\"DSCN7386\" src=\"http:\/\/www.msg-granit.pl\/wp-content\/uploads\/2015\/03\/DSCN7386-1024x682.jpg\" width=\"940\" height=\"626\" srcset=\"https:\/\/www.msg-granit.pl\/wp-content\/uploads\/2015\/03\/DSCN7386-1024x682.jpg 1024w, https:\/\/www.msg-granit.pl\/wp-content\/uploads\/2015\/03\/DSCN7386-300x200.jpg 300w, https:\/\/www.msg-granit.pl\/wp-content\/uploads\/2015\/03\/DSCN7386.jpg 1824w\" sizes=\"(max-width: 940px) 100vw, 940px\" \/><\/p>\n<h1 style=\"text-align: center;\">Granit naturalny Vijara<\/h1>\n<p><img loading=\"lazy\" decoding=\"async\" class=\"alignnone size-large wp-image-2347 aligncenter\" alt=\"DSCN7393\" src=\"http:\/\/www.msg-granit.pl\/wp-content\/uploads\/2015\/03\/DSCN7393-1024x682.jpg\" width=\"940\" height=\"626\" srcset=\"https:\/\/www.msg-granit.pl\/wp-content\/uploads\/2015\/03\/DSCN7393-1024x682.jpg 1024w, https:\/\/www.msg-granit.pl\/wp-content\/uploads\/2015\/03\/DSCN7393-300x200.jpg 300w, https:\/\/www.msg-granit.pl\/wp-content\/uploads\/2015\/03\/DSCN7393.jpg 1824w\" sizes=\"(max-width: 940px) 100vw, 940px\" \/><\/p>\n<h1 style=\"text-align: center;\">Granit naturalny Costa Dorata<\/h1>\n<p><img loading=\"lazy\" decoding=\"async\" class=\"alignnone size-large wp-image-2348 aligncenter\" alt=\"DSCN7394\" src=\"http:\/\/www.msg-granit.pl\/wp-content\/uploads\/2015\/03\/DSCN7394-1024x682.jpg\" width=\"940\" height=\"626\" srcset=\"https:\/\/www.msg-granit.pl\/wp-content\/uploads\/2015\/03\/DSCN7394-1024x682.jpg 1024w, https:\/\/www.msg-granit.pl\/wp-content\/uploads\/2015\/03\/DSCN7394-300x200.jpg 300w, https:\/\/www.msg-granit.pl\/wp-content\/uploads\/2015\/03\/DSCN7394.jpg 1824w\" sizes=\"(max-width: 940px) 100vw, 940px\" \/><\/p>\n<h1 style=\"text-align: center;\">Granit naturalny Siena Beige<\/h1>\n<p><img loading=\"lazy\" decoding=\"async\" class=\"alignnone size-large wp-image-2360 aligncenter\" alt=\"DSCN7430\" src=\"http:\/\/www.msg-granit.pl\/wp-content\/uploads\/2015\/03\/DSCN7430-1024x682.jpg\" width=\"940\" height=\"626\" srcset=\"https:\/\/www.msg-granit.pl\/wp-content\/uploads\/2015\/03\/DSCN7430-1024x682.jpg 1024w, https:\/\/www.msg-granit.pl\/wp-content\/uploads\/2015\/03\/DSCN7430-300x200.jpg 300w, https:\/\/www.msg-granit.pl\/wp-content\/uploads\/2015\/03\/DSCN7430.jpg 1824w\" sizes=\"(max-width: 940px) 100vw, 940px\" \/><\/p>\n<h1 style=\"text-align: center;\">Granit naturalny Madura Gold<\/h1>\n<p><img loading=\"lazy\" decoding=\"async\" class=\"alignnone size-large wp-image-2357 aligncenter\" alt=\"DSCN7423\" src=\"http:\/\/www.msg-granit.pl\/wp-content\/uploads\/2015\/03\/DSCN7423-1024x682.jpg\" width=\"940\" height=\"626\" srcset=\"https:\/\/www.msg-granit.pl\/wp-content\/uploads\/2015\/03\/DSCN7423-1024x682.jpg 1024w, https:\/\/www.msg-granit.pl\/wp-content\/uploads\/2015\/03\/DSCN7423-300x200.jpg 300w, https:\/\/www.msg-granit.pl\/wp-content\/uploads\/2015\/03\/DSCN7423.jpg 1824w\" sizes=\"(max-width: 940px) 100vw, 940px\" \/><\/p>\n<h1 style=\"text-align: center;\">Granit naturalny Golden Cristal<\/h1>\n<p><img loading=\"lazy\" decoding=\"async\" class=\"alignnone size-large wp-image-2358 aligncenter\" alt=\"DSCN7425\" src=\"http:\/\/www.msg-granit.pl\/wp-content\/uploads\/2015\/03\/DSCN7425-1024x682.jpg\" width=\"940\" height=\"626\" srcset=\"https:\/\/www.msg-granit.pl\/wp-content\/uploads\/2015\/03\/DSCN7425-1024x682.jpg 1024w, https:\/\/www.msg-granit.pl\/wp-content\/uploads\/2015\/03\/DSCN7425-300x200.jpg 300w, https:\/\/www.msg-granit.pl\/wp-content\/uploads\/2015\/03\/DSCN7425.jpg 1824w\" sizes=\"(max-width: 940px) 100vw, 940px\" \/><\/p>\n<h1 style=\"text-align: center;\">Granit naturalny Imperial Gold<\/h1>\n<p><img loading=\"lazy\" decoding=\"async\" class=\"alignnone size-large wp-image-2354 aligncenter\" alt=\"DSCN7412\" src=\"http:\/\/www.msg-granit.pl\/wp-content\/uploads\/2015\/03\/DSCN7412-1024x682.jpg\" width=\"940\" height=\"626\" srcset=\"https:\/\/www.msg-granit.pl\/wp-content\/uploads\/2015\/03\/DSCN7412-1024x682.jpg 1024w, https:\/\/www.msg-granit.pl\/wp-content\/uploads\/2015\/03\/DSCN7412-300x200.jpg 300w, https:\/\/www.msg-granit.pl\/wp-content\/uploads\/2015\/03\/DSCN7412.jpg 1824w\" sizes=\"(max-width: 940px) 100vw, 940px\" \/><\/p>\n<h1 style=\"text-align: center;\">Granit naturalny Forest Black<\/h1>\n<p><img loading=\"lazy\" decoding=\"async\" class=\"alignnone size-large wp-image-2350 aligncenter\" alt=\"DSCN7398\" src=\"http:\/\/www.msg-granit.pl\/wp-content\/uploads\/2015\/03\/DSCN7398-1024x682.jpg\" width=\"940\" height=\"626\" srcset=\"https:\/\/www.msg-granit.pl\/wp-content\/uploads\/2015\/03\/DSCN7398-1024x682.jpg 1024w, https:\/\/www.msg-granit.pl\/wp-content\/uploads\/2015\/03\/DSCN7398-300x200.jpg 300w, https:\/\/www.msg-granit.pl\/wp-content\/uploads\/2015\/03\/DSCN7398.jpg 1824w\" sizes=\"(max-width: 940px) 100vw, 940px\" \/><\/p>\n<h1 style=\"text-align: center;\">Granit naturalny\u00a0Crema Beach<\/h1>\n<p><img loading=\"lazy\" decoding=\"async\" class=\"alignnone size-large wp-image-2349 aligncenter\" alt=\"DSCN7397\" src=\"http:\/\/www.msg-granit.pl\/wp-content\/uploads\/2015\/03\/DSCN7397-1024x682.jpg\" width=\"940\" height=\"626\" srcset=\"https:\/\/www.msg-granit.pl\/wp-content\/uploads\/2015\/03\/DSCN7397-1024x682.jpg 1024w, https:\/\/www.msg-granit.pl\/wp-content\/uploads\/2015\/03\/DSCN7397-300x200.jpg 300w, https:\/\/www.msg-granit.pl\/wp-content\/uploads\/2015\/03\/DSCN7397.jpg 1824w\" sizes=\"(max-width: 940px) 100vw, 940px\" \/><\/p>\n<p>&nbsp;<\/p>\n<h1>Zapraszamy r\u00f3wnie\u017c na nasz\u0105 stron\u0119 z ofert\u0105 nagrobkow\u0105.<\/h1>\n<p style=\"text-align: center;\"><img loading=\"lazy\" decoding=\"async\" class=\" wp-image-2334 aligncenter\" alt=\"DSCN7310\" src=\"http:\/\/www.msg-granit.pl\/wp-content\/uploads\/2015\/03\/DSCN7310-682x1024.jpg\" width=\"682\" height=\"1024\" srcset=\"https:\/\/www.msg-granit.pl\/wp-content\/uploads\/2015\/03\/DSCN7310-682x1024.jpg 682w, https:\/\/www.msg-granit.pl\/wp-content\/uploads\/2015\/03\/DSCN7310-200x300.jpg 200w, https:\/\/www.msg-granit.pl\/wp-content\/uploads\/2015\/03\/DSCN7310.jpg 1216w\" sizes=\"(max-width: 682px) 100vw, 682px\" \/><\/p>\n<h1 style=\"text-align: center;\"><a href=\"http:\/\/nagrobki-msg.pl\">www.nagrobki-msg.pl<\/a><\/h1>\n<p>\t\t\t\t[\/et_pb_text]<br \/>\n\t\t\t[\/et_pb_column]<br \/>\n\t\t[\/et_pb_row]<br \/>\n\t[\/et_pb_section]<\/p>\n","protected":false},"excerpt":{"rendered":"<p>[et_pb_section admin_label=&#8221;section&#8221;] [et_pb_row admin_label=&#8221;row&#8221;] [et_pb_column type=&#8221;4_4&#8243;] [et_pb_text admin_label=&#8221;Text&#8221;] Granit naturalny Belveder Granit naturalny Fusion Black Granit naturalny Roso Pearl Granit naturalny Tan Brown Granit naturalny River White Granit naturalny Typhoon Granit naturalny Nero Angola Granit naturalny Nero Absoluto Kwarcogranit Gobi Grey Granit naturalny Persa Antique Granit naturalny Marron Kongo Granit naturalny Star Galaxy Granit naturalny [&hellip;]<\/p>\n","protected":false},"author":1,"featured_media":0,"parent":0,"menu_order":0,"comment_status":"closed","ping_status":"closed","template":"","meta":{"_et_pb_use_builder":"","_et_pb_old_content":"","_et_gb_content_width":"","_monsterinsights_skip_tracking":false,"_monsterinsights_sitenote_active":false,"_monsterinsights_sitenote_note":"","_monsterinsights_sitenote_category":0,"footnotes":""},"class_list":["post-2431","page","type-page","status-publish","hentry"],"_links":{"self":[{"href":"https:\/\/www.msg-granit.pl\/en\/wp-json\/wp\/v2\/pages\/2431","targetHints":{"allow":["GET"]}}],"collection":[{"href":"https:\/\/www.msg-granit.pl\/en\/wp-json\/wp\/v2\/pages"}],"about":[{"href":"https:\/\/www.msg-granit.pl\/en\/wp-json\/wp\/v2\/types\/page"}],"author":[{"embeddable":true,"href":"https:\/\/www.msg-granit.pl\/en\/wp-json\/wp\/v2\/users\/1"}],"replies":[{"embeddable":true,"href":"https:\/\/www.msg-granit.pl\/en\/wp-json\/wp\/v2\/comments?post=2431"}],"version-history":[{"count":6,"href":"https:\/\/www.msg-granit.pl\/en\/wp-json\/wp\/v2\/pages\/2431\/revisions"}],"predecessor-version":[{"id":3485,"href":"https:\/\/www.msg-granit.pl\/en\/wp-json\/wp\/v2\/pages\/2431\/revisions\/3485"}],"wp:attachment":[{"href":"https:\/\/www.msg-granit.pl\/en\/wp-json\/wp\/v2\/media?parent=2431"}],"curies":[{"name":"wp","href":"https:\/\/api.w.org\/{rel}","templated":true}]}}