{"id":1958,"date":"2014-06-17T14:31:09","date_gmt":"2014-06-17T12:31:09","guid":{"rendered":"http:\/\/www.msg-granit.pl\/?page_id=1958"},"modified":"2014-06-17T15:09:52","modified_gmt":"2014-06-17T13:09:52","slug":"ordering-procedure","status":"publish","type":"page","link":"https:\/\/www.msg-granit.pl\/en\/ordering-procedure\/","title":{"rendered":"Ordering procedure"},"content":{"rendered":"<p style=\"text-align: justify;\"><strong>1. Provisional evaluation<\/strong> \u2013 can be provided at our office or e-mailed as a reply to your inquiry<\/p>\n<p style=\"text-align: justify;\"><b>\u2022<\/b> At our headquarters \u2013 in Zab\u0142ud\u00f3w, ul. Kol. Zab\u0142ud\u00f3w Miasto 5\/5. It is recommended to plan your visit during the daylight and in dry conditions, for bigger part of materials is placed outside and wet granite will not give the real colour. When planning such visit, it is useful to take a piece of your furniture, tile used on walls and floors and other elements of interior, which could be helpful when choosing a stone suitable for your house. At evaluation stage a drawing of your kitchen or just furniture with dimensions are required. Moreover, it is worth denoting, what type of wash-basin you prefer.\u00a0 When visiting our office, you would be given a range of different types of granite, marble as whole slabs or just samples.<\/p>\n<p style=\"text-align: justify;\">\u2022 You would then be replied by fax or e-mail. It is also helpful to fax or e-mail us projection and dimensions of the desired elements. The more information on your project are sent, the better. This information shall include:<\/p>\n<p><b>\u2022<\/b> Projections and dimensions of table tops or cabinets.<\/p>\n<p>\u2022 Name of stone or denotation on a desired colour<\/p>\n<p>\u2022 Edge type (straight polish, quarter round,\u00a0profile collar, mills)<\/p>\n<p>\u2022 Sink type (suspended, inserted or levelled with a top)<\/p>\n<p>\u2022 Hob type (inserted or integrated)<\/p>\n<p style=\"text-align: justify;\">\u2022 Personal data including the project site, contact data and any other details, which might help us to provide a provisional evaluation of the project.<\/p>\n<p>* Provisional evaluation is based upon delivered dimensions.<\/p>\n<p><strong>2. Order placing<\/strong><\/p>\n<p>To place an order please follow these instructions.<\/p>\n<p>\u2022 Furniture has to be arranged as normal and well levelled.<\/p>\n<p style=\"text-align: justify;\">\u2022 Kitchen appliances should be arranged as normal. This applies to cookers, refrigerator, dish-washer etc.<\/p>\n<p style=\"text-align: justify;\">\u2022 If there&#8217;s any old top installed on the furniture it should be dismounted prior to our arrival.\u00a0 It is not our duty.<\/p>\n<p style=\"text-align: justify;\">\u2022 If the order is placed for the very first time, when taking measurements a security of 150 PLN has to be lodged. It is then deducted from your order when placed.<\/p>\n<p style=\"text-align: justify;\">Our assembly team should try to get you familiarized with all technical data in detail, so it is advisable that on the site there is investor or architect, whom these information might be passed.<\/p>\n<p><strong>3. Final price<\/strong><\/p>\n<p style=\"text-align: justify;\">\u2022 Final price is estimated on basis of accurate measurements taken at the site.\u00a0 Top completion and assembly normally takes from 10 to 30 working days from the final price confirmation date.<\/p>\n<p><strong>4. Assembly<\/strong><\/p>\n<p style=\"text-align: justify;\">\u2022 Assembly is the closing stage of the project. Prior to the work completion (top lining) it is necessary to cash or transfer on confirmation the final price. The payment must be effected on the day of assembly at the latest. This condition is necessary to approach the assembly completion. Our team shall mount he top and provide joints, if required. Finally the sink shall be installed and the top impregnated. <b>Hydraulic and electric works are not our duties.<\/b><\/p>\n","protected":false},"excerpt":{"rendered":"<p>1. Provisional evaluation \u2013 can be provided at our office or e-mailed as a reply to your inquiry \u2022 At our headquarters \u2013 in Zab\u0142ud\u00f3w, ul. Kol. Zab\u0142ud\u00f3w Miasto 5\/5. It is recommended to plan your visit during the daylight and in dry conditions, for bigger part of materials is placed outside and wet granite [&hellip;]<\/p>\n","protected":false},"author":1,"featured_media":0,"parent":0,"menu_order":0,"comment_status":"closed","ping_status":"closed","template":"","meta":{"_et_pb_use_builder":"","_et_pb_old_content":"","_et_gb_content_width":"","_monsterinsights_skip_tracking":false,"_monsterinsights_sitenote_active":false,"_monsterinsights_sitenote_note":"","_monsterinsights_sitenote_category":0,"footnotes":""},"class_list":["post-1958","page","type-page","status-publish","hentry"],"_links":{"self":[{"href":"https:\/\/www.msg-granit.pl\/en\/wp-json\/wp\/v2\/pages\/1958","targetHints":{"allow":["GET"]}}],"collection":[{"href":"https:\/\/www.msg-granit.pl\/en\/wp-json\/wp\/v2\/pages"}],"about":[{"href":"https:\/\/www.msg-granit.pl\/en\/wp-json\/wp\/v2\/types\/page"}],"author":[{"embeddable":true,"href":"https:\/\/www.msg-granit.pl\/en\/wp-json\/wp\/v2\/users\/1"}],"replies":[{"embeddable":true,"href":"https:\/\/www.msg-granit.pl\/en\/wp-json\/wp\/v2\/comments?post=1958"}],"version-history":[{"count":1,"href":"https:\/\/www.msg-granit.pl\/en\/wp-json\/wp\/v2\/pages\/1958\/revisions"}],"predecessor-version":[{"id":1959,"href":"https:\/\/www.msg-granit.pl\/en\/wp-json\/wp\/v2\/pages\/1958\/revisions\/1959"}],"wp:attachment":[{"href":"https:\/\/www.msg-granit.pl\/en\/wp-json\/wp\/v2\/media?parent=1958"}],"curies":[{"name":"wp","href":"https:\/\/api.w.org\/{rel}","templated":true}]}}