{"id":1953,"date":"2014-06-17T14:27:13","date_gmt":"2014-06-17T12:27:13","guid":{"rendered":"http:\/\/www.msg-granit.pl\/?page_id=1953"},"modified":"2014-06-17T15:09:24","modified_gmt":"2014-06-17T13:09:24","slug":"offer","status":"publish","type":"page","link":"https:\/\/www.msg-granit.pl\/en\/offer\/","title":{"rendered":"Offer"},"content":{"rendered":"<p style=\"text-align: justify;\">Stone due to its strength, prestige and aesthetic values is the best choice, despite apparent high price. Following current price tendencies on the market of finishing materials, natural stone is no longer luxurious. As compared to its substitutes \u2013 quartz-granite or corian \u2013 is often cheaper by even 50 \u2013 100 %.<\/p>\n<p style=\"text-align: justify;\">Natural stone is a monolithic rock. More than a hundred year old roads, bridges, squares and buildings do stand and operate up until now, still managing to enchant with their appearance and timelessness. Stone is an easily recoverable material, what applies to marbles, slates, travertine and other limestones in particular. The time is on its side as far as appearance is concerned. Otherwise, the time makes it even more distinct, and in case the stone gets dulled, it can be easily refurbished.<\/p>\n<p style=\"text-align: justify;\">Tiling cannot guarantee the durability and\u00a0with time it should be replaced, what in consequence is unprofitable.<\/p>\n<p style=\"text-align: justify;\"><b>Benefits from using stone as a natural construction and decorative material in construction trade are as follows:<\/b><\/p>\n<p style=\"text-align: justify;\"><b>Classic beauty<\/b> \u2013 taking the best out of nature. Stone has been used in construction trade from the ancient times. Regardless of the architectural style it was used, until our days it keeps its great appearance and is definition of good taste. For surfaces laid of tiles, it is possible to recreate the design of the whole rock used. It provides a unique and impressive effect.<\/p>\n<p style=\"text-align: justify;\"><b>Timelessness<\/b> \u2013 means durability and style that never subjects to temporal trends. Stone suits to be used in both minimalist and lavishly embellished interiors. With expert selection and skilful assembly it can successfully stand the test of time.<\/p>\n<p style=\"text-align: justify;\"><b>Wide range of colours and designs<\/b> \u2013 including designs and colours created by nature. Impossible to be copied in products such as ceramics. When using stone, it is possible to create some various decorative elements of the same material, e.g. floor, table top and windowsill.<\/p>\n<p style=\"text-align: justify;\"><b>Practicality of use<\/b> \u2013 thanks to different finishing forms, the same material can be used as a high-gloss material and a dulled one, e.g. for anti-slippery surfaces. Stone is resistant to soiling and can be cleaned easily. Owing to high thermal capacity and high conductivity, natural stone is by far a better material than floor tiling with floor heating system underneath. Such type of floor heats up instantly and provides feel of warmth in the winter time, and cold in the summer. For floors and facades made of stone, it is possible to use narrow joints of natural quartz.<\/p>\n<p style=\"text-align: justify;\"><b>Safety of use<\/b> \u2013 stone does not cause any allergy. Owing to its low absorbability and resistance to high temperatures, it can be sterilized easily.<\/p>\n<p style=\"text-align: justify;\">Owing to different properties of rocks, particular stone types are recommended for the following applications:<\/p>\n<table border=\"1\" cellspacing=\"0\" cellpadding=\"0\">\n<tbody>\n<tr>\n<td valign=\"top\" width=\"77\">Material Application<\/td>\n<td valign=\"top\" width=\"77\">Marble<\/td>\n<td valign=\"top\" width=\"77\">Granite<\/td>\n<td valign=\"top\" width=\"77\">Natural quartzite<\/td>\n<td valign=\"top\" width=\"77\">Onyx<\/td>\n<td valign=\"top\" width=\"77\">Travertine<\/td>\n<td valign=\"top\" width=\"77\">Quartz-granite<\/td>\n<td valign=\"top\" width=\"77\">Slates<\/td>\n<\/tr>\n<tr>\n<td valign=\"top\" width=\"77\">interior floors<\/td>\n<td valign=\"top\" width=\"77\">X<\/td>\n<td valign=\"top\" width=\"77\">X<\/td>\n<td valign=\"top\" width=\"77\">X<\/td>\n<td valign=\"top\" width=\"77\"><\/td>\n<td valign=\"top\" width=\"77\"><\/td>\n<td valign=\"top\" width=\"77\"><\/td>\n<td valign=\"top\" width=\"77\">X<\/td>\n<\/tr>\n<tr>\n<td valign=\"top\" width=\"77\">exterior floors<\/td>\n<td valign=\"top\" width=\"77\"><\/td>\n<td valign=\"top\" width=\"77\">X<\/td>\n<td valign=\"top\" width=\"77\">X<\/td>\n<td valign=\"top\" width=\"77\"><\/td>\n<td valign=\"top\" width=\"77\"><\/td>\n<td valign=\"top\" width=\"77\"><\/td>\n<td valign=\"top\" width=\"77\">X<\/td>\n<\/tr>\n<tr>\n<td valign=\"top\" width=\"77\">interior stairs<\/td>\n<td valign=\"top\" width=\"77\">X<\/td>\n<td valign=\"top\" width=\"77\">X<\/td>\n<td valign=\"top\" width=\"77\">X<\/td>\n<td valign=\"top\" width=\"77\"><\/td>\n<td valign=\"top\" width=\"77\">X<\/td>\n<td valign=\"top\" width=\"77\">X<\/td>\n<td valign=\"top\" width=\"77\">X<\/td>\n<\/tr>\n<tr>\n<td valign=\"top\" width=\"77\">exterior stairs<\/td>\n<td valign=\"top\" width=\"77\"><\/td>\n<td valign=\"top\" width=\"77\">X<\/td>\n<td valign=\"top\" width=\"77\">X<\/td>\n<td valign=\"top\" width=\"77\"><\/td>\n<td valign=\"top\" width=\"77\"><\/td>\n<td valign=\"top\" width=\"77\"><\/td>\n<td valign=\"top\" width=\"77\">X<\/td>\n<\/tr>\n<tr>\n<td valign=\"top\" width=\"77\">interior windowsills<\/td>\n<td valign=\"top\" width=\"77\">X<\/td>\n<td valign=\"top\" width=\"77\">X<\/td>\n<td valign=\"top\" width=\"77\">X<\/td>\n<td valign=\"top\" width=\"77\">X<\/td>\n<td valign=\"top\" width=\"77\">X<\/td>\n<td valign=\"top\" width=\"77\">X<\/td>\n<td valign=\"top\" width=\"77\">X<\/td>\n<\/tr>\n<tr>\n<td valign=\"top\" width=\"77\">exterior windowsills<\/td>\n<td valign=\"top\" width=\"77\"><\/td>\n<td valign=\"top\" width=\"77\">X<\/td>\n<td valign=\"top\" width=\"77\">X<\/td>\n<td valign=\"top\" width=\"77\"><\/td>\n<td valign=\"top\" width=\"77\"><\/td>\n<td valign=\"top\" width=\"77\"><\/td>\n<td valign=\"top\" width=\"77\">X<\/td>\n<\/tr>\n<tr>\n<td valign=\"top\" width=\"77\">kitchen and\u00a0bathroom tops<\/td>\n<td valign=\"top\" width=\"77\"><\/td>\n<td valign=\"top\" width=\"77\">X<\/td>\n<td valign=\"top\" width=\"77\">X<\/td>\n<td valign=\"top\" width=\"77\"><\/td>\n<td valign=\"top\" width=\"77\"><\/td>\n<td valign=\"top\" width=\"77\">X<\/td>\n<td valign=\"top\" width=\"77\">X<\/td>\n<\/tr>\n<tr>\n<td valign=\"top\" width=\"77\">sinks and\u00a0drain boards<\/td>\n<td valign=\"top\" width=\"77\"><\/td>\n<td valign=\"top\" width=\"77\">X<\/td>\n<td valign=\"top\" width=\"77\">X<\/td>\n<td valign=\"top\" width=\"77\"><\/td>\n<td valign=\"top\" width=\"77\"><\/td>\n<td valign=\"top\" width=\"77\">X<\/td>\n<td valign=\"top\" width=\"77\"><\/td>\n<\/tr>\n<tr>\n<td valign=\"top\" width=\"77\">wash-basins<\/td>\n<td valign=\"top\" width=\"77\"><\/td>\n<td valign=\"top\" width=\"77\">X<\/td>\n<td valign=\"top\" width=\"77\">X<\/td>\n<td valign=\"top\" width=\"77\"><\/td>\n<td valign=\"top\" width=\"77\"><\/td>\n<td valign=\"top\" width=\"77\"><\/td>\n<td valign=\"top\" width=\"77\"><\/td>\n<\/tr>\n<tr>\n<td valign=\"top\" width=\"77\">shower bases<\/td>\n<td valign=\"top\" width=\"77\"><\/td>\n<td valign=\"top\" width=\"77\">X<\/td>\n<td valign=\"top\" width=\"77\">X<\/td>\n<td valign=\"top\" width=\"77\"><\/td>\n<td valign=\"top\" width=\"77\"><\/td>\n<td valign=\"top\" width=\"77\"><\/td>\n<td valign=\"top\" width=\"77\"><\/td>\n<\/tr>\n<tr>\n<td valign=\"top\" width=\"77\">bathtubs<\/td>\n<td valign=\"top\" width=\"77\"><\/td>\n<td valign=\"top\" width=\"77\"><\/td>\n<td valign=\"top\" width=\"77\"><\/td>\n<td valign=\"top\" width=\"77\"><\/td>\n<td valign=\"top\" width=\"77\"><\/td>\n<td valign=\"top\" width=\"77\"><\/td>\n<td valign=\"top\" width=\"77\"><\/td>\n<\/tr>\n<tr>\n<td valign=\"top\" width=\"77\">tables<\/td>\n<td valign=\"top\" width=\"77\">X<\/td>\n<td valign=\"top\" width=\"77\">X<\/td>\n<td valign=\"top\" width=\"77\">X<\/td>\n<td valign=\"top\" width=\"77\"><\/td>\n<td valign=\"top\" width=\"77\"><\/td>\n<td valign=\"top\" width=\"77\"><\/td>\n<td valign=\"top\" width=\"77\"><\/td>\n<\/tr>\n<tr>\n<td valign=\"top\" width=\"77\">fire place elements<\/td>\n<td valign=\"top\" width=\"77\">X<\/td>\n<td valign=\"top\" width=\"77\">X<\/td>\n<td valign=\"top\" width=\"77\">X<\/td>\n<td valign=\"top\" width=\"77\">X<\/td>\n<td valign=\"top\" width=\"77\">X<\/td>\n<td valign=\"top\" width=\"77\"><\/td>\n<td valign=\"top\" width=\"77\">X<\/td>\n<\/tr>\n<tr>\n<td valign=\"top\" width=\"77\">facings<\/td>\n<td valign=\"top\" width=\"77\">X<\/td>\n<td valign=\"top\" width=\"77\">X<\/td>\n<td valign=\"top\" width=\"77\">X<\/td>\n<td valign=\"top\" width=\"77\">X<\/td>\n<td valign=\"top\" width=\"77\">X<\/td>\n<td valign=\"top\" width=\"77\"><\/td>\n<td valign=\"top\" width=\"77\">X<\/td>\n<\/tr>\n<tr>\n<td valign=\"top\" width=\"77\">facades<\/td>\n<td valign=\"top\" width=\"77\"><\/td>\n<td valign=\"top\" width=\"77\">X<\/td>\n<td valign=\"top\" width=\"77\">X<\/td>\n<td valign=\"top\" width=\"77\"><\/td>\n<td valign=\"top\" width=\"77\"><\/td>\n<td valign=\"top\" width=\"77\"><\/td>\n<td valign=\"top\" width=\"77\">X<\/td>\n<\/tr>\n<tr>\n<td valign=\"top\" width=\"77\">slabs and\u00a0tiles<\/td>\n<td valign=\"top\" width=\"77\">X<\/td>\n<td valign=\"top\" width=\"77\">X<\/td>\n<td valign=\"top\" width=\"77\">X<\/td>\n<td valign=\"top\" width=\"77\">X<\/td>\n<td valign=\"top\" width=\"77\">X<\/td>\n<td valign=\"top\" width=\"77\"><\/td>\n<td valign=\"top\" width=\"77\">X<\/td>\n<\/tr>\n<tr>\n<td valign=\"top\" width=\"77\">pedestals for\u00a0monuments and\u00a0figures<\/td>\n<td valign=\"top\" width=\"77\">X<\/td>\n<td valign=\"top\" width=\"77\">X<\/td>\n<td valign=\"top\" width=\"77\">X<\/td>\n<td valign=\"top\" width=\"77\">X<\/td>\n<td valign=\"top\" width=\"77\">X<\/td>\n<td valign=\"top\" width=\"77\"><\/td>\n<td valign=\"top\" width=\"77\"><\/td>\n<\/tr>\n<tr>\n<td valign=\"top\" width=\"77\">fountains, balusters, cornices, portals, columns<\/td>\n<td valign=\"top\" width=\"77\">X<\/td>\n<td valign=\"top\" width=\"77\">X<\/td>\n<td valign=\"top\" width=\"77\">X<\/td>\n<td valign=\"top\" width=\"77\"><\/td>\n<td valign=\"top\" width=\"77\">X<\/td>\n<td valign=\"top\" width=\"77\"><\/td>\n<td valign=\"top\" width=\"77\"><\/td>\n<\/tr>\n<tr>\n<td valign=\"top\" width=\"77\">decorative elements, sculptures and\u00a0reliefs<\/td>\n<td valign=\"top\" width=\"77\">X<\/td>\n<td valign=\"top\" width=\"77\">X<\/td>\n<td valign=\"top\" width=\"77\"><\/td>\n<td valign=\"top\" width=\"77\"><\/td>\n<td valign=\"top\" width=\"77\">X<\/td>\n<td valign=\"top\" width=\"77\"><\/td>\n<td valign=\"top\" width=\"77\"><\/td>\n<\/tr>\n<tr>\n<td valign=\"top\" width=\"77\">mosaic \u2013 floor of a wall<\/td>\n<td valign=\"top\" width=\"77\">X<\/td>\n<td valign=\"top\" width=\"77\">X<\/td>\n<td valign=\"top\" width=\"77\">X<\/td>\n<td valign=\"top\" width=\"77\">X<\/td>\n<td valign=\"top\" width=\"77\">X<\/td>\n<td valign=\"top\" width=\"77\"><\/td>\n<td valign=\"top\" width=\"77\"><\/td>\n<\/tr>\n<tr>\n<td valign=\"top\" width=\"77\">garden architecture elements<\/td>\n<td valign=\"top\" width=\"77\"><\/td>\n<td valign=\"top\" width=\"77\">X<\/td>\n<td valign=\"top\" width=\"77\">X<\/td>\n<td valign=\"top\" width=\"77\"><\/td>\n<td valign=\"top\" width=\"77\"><\/td>\n<td valign=\"top\" width=\"77\"><\/td>\n<td valign=\"top\" width=\"77\">X<\/td>\n<\/tr>\n<tr>\n<td valign=\"top\" width=\"77\">granite paver and\u00a0rims<\/td>\n<td valign=\"top\" width=\"77\"><\/td>\n<td valign=\"top\" width=\"77\">X<\/td>\n<td valign=\"top\" width=\"77\"><\/td>\n<td valign=\"top\" width=\"77\"><\/td>\n<td valign=\"top\" width=\"77\"><\/td>\n<td valign=\"top\" width=\"77\"><\/td>\n<td valign=\"top\" width=\"77\"><\/td>\n<\/tr>\n<tr>\n<td valign=\"top\" width=\"77\">lighting elements (translucent)<\/td>\n<td valign=\"top\" width=\"77\"><\/td>\n<td valign=\"top\" width=\"77\"><\/td>\n<td valign=\"top\" width=\"77\"><\/td>\n<td valign=\"top\" width=\"77\">X<\/td>\n<td valign=\"top\" width=\"77\"><\/td>\n<td valign=\"top\" width=\"77\"><\/td>\n<td valign=\"top\" width=\"77\"><\/td>\n<\/tr>\n<\/tbody>\n<\/table>\n<p>Available types of edge treatment patterns are provided below:<\/p>\n<p style=\"text-align: center;\"><b>Edge treatment<\/b><\/p>\n<p style=\"text-align: center;\"><img loading=\"lazy\" decoding=\"async\" class=\" wp-image-1954 aligncenter\" alt=\"krawedzie ang\" src=\"http:\/\/www.msg-granit.pl\/wp-content\/uploads\/2014\/06\/krawedzie-ang.jpg\" width=\"536\" height=\"202\" srcset=\"https:\/\/www.msg-granit.pl\/wp-content\/uploads\/2014\/06\/krawedzie-ang.jpg 1277w, https:\/\/www.msg-granit.pl\/wp-content\/uploads\/2014\/06\/krawedzie-ang-300x112.jpg 300w, https:\/\/www.msg-granit.pl\/wp-content\/uploads\/2014\/06\/krawedzie-ang-1024x384.jpg 1024w\" sizes=\"(max-width: 536px) 100vw, 536px\" \/><\/p>\n<p style=\"text-align: left;\">and patterns of possible lining of kitchen tops:<\/p>\n<p style=\"text-align: center;\"><b>Edge lining<\/b><\/p>\n<p style=\"text-align: center;\"><img loading=\"lazy\" decoding=\"async\" class=\"wp-image-1955 aligncenter\" alt=\"podklejka ang\" src=\"http:\/\/www.msg-granit.pl\/wp-content\/uploads\/2014\/06\/podklejka-ang.jpg\" width=\"362\" height=\"257\" srcset=\"https:\/\/www.msg-granit.pl\/wp-content\/uploads\/2014\/06\/podklejka-ang.jpg 862w, https:\/\/www.msg-granit.pl\/wp-content\/uploads\/2014\/06\/podklejka-ang-300x212.jpg 300w\" sizes=\"(max-width: 362px) 100vw, 362px\" \/><\/p>\n","protected":false},"excerpt":{"rendered":"<p>Stone due to its strength, prestige and aesthetic values is the best choice, despite apparent high price. Following current price tendencies on the market of finishing materials, natural stone is no longer luxurious. As compared to its substitutes \u2013 quartz-granite or corian \u2013 is often cheaper by even 50 \u2013 100 %. Natural stone is [&hellip;]<\/p>\n","protected":false},"author":1,"featured_media":0,"parent":0,"menu_order":0,"comment_status":"closed","ping_status":"closed","template":"","meta":{"_et_pb_use_builder":"on","_et_pb_old_content":"Kamie\u0144 ze wzgl\u0119du na wytrzyma\u0142o\u015b\u0107, presti\u017c oraz walory estetyczne jest najlepszym wyborem, mimo pozornie wysokiej ceny. Obserwuj\u0105c obecne tendencje cenowe na rynku materia\u0142\u00f3w wyko\u0144czeniowych, kamie\u0144 naturalny przestaje by\u0107 luksusem. W por\u00f3wnaniu do substytut\u00f3w \u2013 kwarcogranitu czy korianu - jest cz\u0119sto o 50 \u2013 100 % ta\u0144szy.\r\n<p style=\"text-align: justify;\">Naturalny kamie\u0144 to lita ska\u0142a. Ponad stuletnie drogi, mosty, place i budynki stoj\u0105 i\u00a0funkcjonuj\u0105 do dzi\u015b, zachwycaj\u0105c swoim wygl\u0105dem i ponadczasowo\u015bci\u0105. Kamie\u0144 jest \u0142atwo odnawialny, to tyczy si\u0119 g\u0142. marmur\u00f3w, \u0142upk\u00f3w marmurowych, trawertyn\u00f3w i innych wapieni, a czas wcale nie dzia\u0142a na niekorzy\u015b\u0107 wygl\u0105du. Wr\u0119cz odwrotnie, z czasem zwi\u0119ksza si\u0119 wyrazisto\u015b\u0107, a w przypadku zmatowienia z \u0142atwo\u015bci\u0105 mo\u017cna go odnowi\u0107.<\/p>\r\n<p style=\"text-align: justify;\">P\u0142ytki ceramiczne nie daj\u0105 nam gwarancji trwa\u0142o\u015bci i z czasem nale\u017cy ca\u0142o\u015b\u0107 wymienia\u0107, co w ostatecznym rozrachunku jest nie op\u0142acalne.<\/p>\r\n\r\n<h3>Korzy\u015bci p\u0142yn\u0105ce z zastosowania kamienia jako materia\u0142u budowlanego i\u00a0dekoracyjnego w budownictwie:<\/h3>\r\n<p style=\"text-align: justify;\"><strong>Klasyczne pi\u0119kno<\/strong> - wzorowane na przyrodzie. Kamie\u0144 jest stosowany w budownictwie od czas\u00f3w staro\u017cytnych. Bez wzgl\u0119du na styl architektoniczny w jakim by\u0142 stosowany do dzi\u015b zachowuje doskona\u0142y wygl\u0105d i stanowi kanon dobrego stylu. W przypadku powierzchni uk\u0142adanych z p\u0142ytek istnieje mo\u017cliwo\u015b\u0107 odtworzenia wzoru ca\u0142ej ska\u0142y z\u00a0kt\u00f3rej zosta\u0142y zrobione. Daje to niepowtarzalny i imponuj\u0105cy efekt.<\/p>\r\n<p style=\"text-align: justify;\"><strong>Ponadczasowo\u015b\u0107<\/strong> - to trwa\u0142o\u015b\u0107 oraz styl, kt\u00f3ry nie poddaje si\u0119 modom. Kamie\u0144 nadaje si\u0119 zar\u00f3wno do wn\u0119trz w stylu minimalistycznym jak i bogato zdobionych. Przy\u00a0umiej\u0119tnym doborze oraz monta\u017cu z powodzeniem oprze si\u0119 pr\u00f3bie czasu.<\/p>\r\n<p style=\"text-align: justify;\"><strong>Bogata gama kolor\u00f3w i wzor\u00f3w<\/strong> - s\u0105 to wzory i kolory stworzone przez natur\u0119. Niemo\u017cliwe do skopiowania w produktach takich jak ceramika. Przy stosowaniu kamienia istnieje mo\u017cliwo\u015b\u0107 wykonania r\u00f3\u017cnych element\u00f3w dekoracyjnych z tego samego materia\u0142u, np. posadzka, blat i parapet.<\/p>\r\n<p style=\"text-align: justify;\"><strong>Praktyczno\u015b\u0107 stosowania <\/strong>\u2013 dzi\u0119ki r\u00f3\u017cnym formom wyko\u0144czenia ten sam materia\u0142 mo\u017cna stosowa\u0107 jako materia\u0142 o wysokim po\u0142ysku oraz zmatowiony np. do powierzchni antypo\u015blizgowych. Kamie\u0144 jest odporny na zabrudzenia i \u0142atwy do czyszczenia. Naturalny kamie\u0144 dzi\u0119ki du\u017cej pojemno\u015bci cieplnej i wysokiemu przewodnictwu jest zdecydowanie lepszym materia\u0142em ni\u017c ceramika na posadzki przy stosowaniu ogrzewania pod\u0142ogowego. Posadzka taka szybko si\u0119 nagrzewa i daje poczucie ciep\u0142a zim\u0105, a w upalne dni daje poczucie ch\u0142odu. Przy posadzkach i elewacjach z kamienia istnieje mo\u017cliwo\u015b\u0107 stosowania w\u0105skich fug z kwarcu naturalnego.<\/p>\r\n<p style=\"text-align: justify;\"><strong>Bezpiecze\u0144stwo stosowania<\/strong> - kamie\u0144 nie alergizuje. Dzi\u0119ki niskiej nasi\u0105kliwo\u015bci i\u00a0odporno\u015bci na wysokie temperatury jest bardzo \u0142atwy do sterylizacji.<\/p>\r\n<p style=\"text-align: justify;\">Ze wzgl\u0119du na r\u00f3\u017cne w\u0142a\u015bciwo\u015bci ska\u0142 poszczeg\u00f3lne rodzaje kamienia polecane s\u0105 do nast\u0119puj\u0105cych zastosowa\u0144:<\/p>\r\n\r\n<table border=\"1\" width=\"606\" cellspacing=\"0\" cellpadding=\"5\"><colgroup> <col width=\"188\" \/> <col width=\"48\" \/> <col width=\"48\" \/> <col width=\"48\" \/> <col width=\"48\" \/> <col width=\"48\" \/> <col width=\"48\" \/> <col width=\"48\" \/> <\/colgroup>\r\n<tbody>\r\n<tr>\r\n<td width=\"188\" height=\"122\">Materia\u0142 Zastosowanie<\/td>\r\n<td width=\"48\">Marmur<\/td>\r\n<td width=\"48\">Granit<\/td>\r\n<td width=\"48\">Kwarcyt naturalny<\/td>\r\n<td width=\"48\">Onyks<\/td>\r\n<td width=\"48\">Trawertyn<\/td>\r\n<td width=\"48\">Kwarcogranit<\/td>\r\n<td width=\"48\">\u0141upki<\/td>\r\n<\/tr>\r\n<tr>\r\n<td width=\"188\" height=\"7\">posadzki wewn\u0119trzne<\/td>\r\n<td width=\"48\">X<\/td>\r\n<td width=\"48\">X<\/td>\r\n<td width=\"48\">X<\/td>\r\n<td width=\"48\"><\/td>\r\n<td width=\"48\"><\/td>\r\n<td width=\"48\"><\/td>\r\n<td width=\"48\">X<\/td>\r\n<\/tr>\r\n<tr>\r\n<td width=\"188\" height=\"7\">posadzki zewn\u0119trzne<\/td>\r\n<td width=\"48\"><\/td>\r\n<td width=\"48\">X<\/td>\r\n<td width=\"48\">X<\/td>\r\n<td width=\"48\"><\/td>\r\n<td width=\"48\"><\/td>\r\n<td width=\"48\"><\/td>\r\n<td width=\"48\">X<\/td>\r\n<\/tr>\r\n<tr>\r\n<td width=\"188\" height=\"7\">schody wewn\u0119trzne<\/td>\r\n<td width=\"48\">X<\/td>\r\n<td width=\"48\">X<\/td>\r\n<td width=\"48\">X<\/td>\r\n<td width=\"48\"><\/td>\r\n<td width=\"48\">X<\/td>\r\n<td width=\"48\">X<\/td>\r\n<td width=\"48\">X<\/td>\r\n<\/tr>\r\n<tr>\r\n<td width=\"188\" height=\"7\">schody zewn\u0119trzne<\/td>\r\n<td width=\"48\"><\/td>\r\n<td width=\"48\">X<\/td>\r\n<td width=\"48\">X<\/td>\r\n<td width=\"48\"><\/td>\r\n<td width=\"48\"><\/td>\r\n<td width=\"48\"><\/td>\r\n<td width=\"48\">X<\/td>\r\n<\/tr>\r\n<tr>\r\n<td width=\"188\" height=\"7\">parapety wewn\u0119trzne<\/td>\r\n<td width=\"48\">X<\/td>\r\n<td width=\"48\">X<\/td>\r\n<td width=\"48\">X<\/td>\r\n<td width=\"48\">X<\/td>\r\n<td width=\"48\">X<\/td>\r\n<td width=\"48\">X<\/td>\r\n<td width=\"48\">X<\/td>\r\n<\/tr>\r\n<tr>\r\n<td width=\"188\" height=\"7\">parapety zewn\u0119trzne<\/td>\r\n<td width=\"48\"><\/td>\r\n<td width=\"48\">X<\/td>\r\n<td width=\"48\">X<\/td>\r\n<td width=\"48\"><\/td>\r\n<td width=\"48\"><\/td>\r\n<td width=\"48\"><\/td>\r\n<td width=\"48\">X<\/td>\r\n<\/tr>\r\n<tr>\r\n<td width=\"188\" height=\"7\">blaty kuchenne i \u0142azienkowe<\/td>\r\n<td width=\"48\"><\/td>\r\n<td width=\"48\">X<\/td>\r\n<td width=\"48\">X<\/td>\r\n<td width=\"48\"><\/td>\r\n<td width=\"48\"><\/td>\r\n<td width=\"48\">X<\/td>\r\n<td width=\"48\">X<\/td>\r\n<\/tr>\r\n<tr>\r\n<td width=\"188\" height=\"7\">zlewy i ociekacze<\/td>\r\n<td width=\"48\"><\/td>\r\n<td width=\"48\">X<\/td>\r\n<td width=\"48\">X<\/td>\r\n<td width=\"48\"><\/td>\r\n<td width=\"48\"><\/td>\r\n<td width=\"48\">X<\/td>\r\n<td width=\"48\"><\/td>\r\n<\/tr>\r\n<tr>\r\n<td width=\"188\" height=\"7\">umywalki<\/td>\r\n<td width=\"48\"><\/td>\r\n<td width=\"48\">X<\/td>\r\n<td width=\"48\">X<\/td>\r\n<td width=\"48\"><\/td>\r\n<td width=\"48\"><\/td>\r\n<td width=\"48\"><\/td>\r\n<td width=\"48\"><\/td>\r\n<\/tr>\r\n<tr>\r\n<td width=\"188\" height=\"7\">brodziki<\/td>\r\n<td width=\"48\"><\/td>\r\n<td width=\"48\">X<\/td>\r\n<td width=\"48\">X<\/td>\r\n<td width=\"48\"><\/td>\r\n<td width=\"48\"><\/td>\r\n<td width=\"48\"><\/td>\r\n<td width=\"48\"><\/td>\r\n<\/tr>\r\n<tr>\r\n<td width=\"188\" height=\"7\">wanny<\/td>\r\n<td width=\"48\"><\/td>\r\n<td width=\"48\"><\/td>\r\n<td width=\"48\"><\/td>\r\n<td width=\"48\"><\/td>\r\n<td width=\"48\"><\/td>\r\n<td width=\"48\"><\/td>\r\n<td width=\"48\"><\/td>\r\n<\/tr>\r\n<tr>\r\n<td width=\"188\" height=\"7\">sto\u0142y<\/td>\r\n<td width=\"48\">X<\/td>\r\n<td width=\"48\">X<\/td>\r\n<td width=\"48\">X<\/td>\r\n<td width=\"48\"><\/td>\r\n<td width=\"48\"><\/td>\r\n<td width=\"48\"><\/td>\r\n<td width=\"48\"><\/td>\r\n<\/tr>\r\n<tr>\r\n<td width=\"188\" height=\"7\">elementy kominkowe<\/td>\r\n<td width=\"48\">X<\/td>\r\n<td width=\"48\">X<\/td>\r\n<td width=\"48\">X<\/td>\r\n<td width=\"48\">X<\/td>\r\n<td width=\"48\">X<\/td>\r\n<td width=\"48\"><\/td>\r\n<td width=\"48\">X<\/td>\r\n<\/tr>\r\n<tr>\r\n<td width=\"188\" height=\"7\">ok\u0142adziny \u015bcian<\/td>\r\n<td width=\"48\">X<\/td>\r\n<td width=\"48\">X<\/td>\r\n<td width=\"48\">X<\/td>\r\n<td width=\"48\">X<\/td>\r\n<td width=\"48\">X<\/td>\r\n<td width=\"48\"><\/td>\r\n<td width=\"48\">X<\/td>\r\n<\/tr>\r\n<tr>\r\n<td width=\"188\" height=\"7\">elewacje<\/td>\r\n<td width=\"48\"><\/td>\r\n<td width=\"48\">X<\/td>\r\n<td width=\"48\">X<\/td>\r\n<td width=\"48\"><\/td>\r\n<td width=\"48\"><\/td>\r\n<td width=\"48\"><\/td>\r\n<td width=\"48\">X<\/td>\r\n<\/tr>\r\n<tr>\r\n<td width=\"188\" height=\"7\">p\u0142yty i p\u0142ytki<\/td>\r\n<td width=\"48\">X<\/td>\r\n<td width=\"48\">X<\/td>\r\n<td width=\"48\">X<\/td>\r\n<td width=\"48\">X<\/td>\r\n<td width=\"48\">X<\/td>\r\n<td width=\"48\"><\/td>\r\n<td width=\"48\">X<\/td>\r\n<\/tr>\r\n<tr>\r\n<td width=\"188\" height=\"7\">coko\u0142y pod pomniki i figury<\/td>\r\n<td width=\"48\">X<\/td>\r\n<td width=\"48\">X<\/td>\r\n<td width=\"48\">X<\/td>\r\n<td width=\"48\">X<\/td>\r\n<td width=\"48\">X<\/td>\r\n<td width=\"48\"><\/td>\r\n<td width=\"48\"><\/td>\r\n<\/tr>\r\n<tr>\r\n<td width=\"188\" height=\"7\">fontanny, tralki, gzymsy, portale, kolumny<\/td>\r\n<td width=\"48\">X<\/td>\r\n<td width=\"48\">X<\/td>\r\n<td width=\"48\">X<\/td>\r\n<td width=\"48\"><\/td>\r\n<td width=\"48\">X<\/td>\r\n<td width=\"48\"><\/td>\r\n<td width=\"48\"><\/td>\r\n<\/tr>\r\n<tr>\r\n<td width=\"188\" height=\"7\">elementy dekoratorskie, rze\u017aby i p\u0142askorze\u017aby<\/td>\r\n<td width=\"48\">X<\/td>\r\n<td width=\"48\">X<\/td>\r\n<td width=\"48\"><\/td>\r\n<td width=\"48\"><\/td>\r\n<td width=\"48\">X<\/td>\r\n<td width=\"48\"><\/td>\r\n<td width=\"48\"><\/td>\r\n<\/tr>\r\n<tr>\r\n<td width=\"188\" height=\"7\">mozaika - pod\u0142oga \u015bciany<\/td>\r\n<td width=\"48\">X<\/td>\r\n<td width=\"48\">X<\/td>\r\n<td width=\"48\">X<\/td>\r\n<td width=\"48\">X<\/td>\r\n<td width=\"48\">X<\/td>\r\n<td width=\"48\"><\/td>\r\n<td width=\"48\"><\/td>\r\n<\/tr>\r\n<tr>\r\n<td width=\"188\" height=\"7\">elementy architektury ogrodowej<\/td>\r\n<td width=\"48\"><\/td>\r\n<td width=\"48\">X<\/td>\r\n<td width=\"48\">X<\/td>\r\n<td width=\"48\"><\/td>\r\n<td width=\"48\"><\/td>\r\n<td width=\"48\"><\/td>\r\n<td width=\"48\">X<\/td>\r\n<\/tr>\r\n<tr>\r\n<td width=\"188\" height=\"7\">kostka granitowa i obrze\u017ca<\/td>\r\n<td width=\"48\"><\/td>\r\n<td width=\"48\">X<\/td>\r\n<td width=\"48\"><\/td>\r\n<td width=\"48\"><\/td>\r\n<td width=\"48\"><\/td>\r\n<td width=\"48\"><\/td>\r\n<td width=\"48\"><\/td>\r\n<\/tr>\r\n<tr>\r\n<td width=\"188\" height=\"6\">elementy o\u015bwietlenia (p\u00f3\u0142prze\u017aroczyste)<\/td>\r\n<td width=\"48\"><\/td>\r\n<td width=\"48\"><\/td>\r\n<td width=\"48\"><\/td>\r\n<td width=\"48\">X<\/td>\r\n<td width=\"48\"><\/td>\r\n<td width=\"48\"><\/td>\r\n<td width=\"48\"><\/td>\r\n<\/tr>\r\n<\/tbody>\r\n<\/table>\r\nPoni\u017cej przedstawiamy r\u00f3wnie\u017c dost\u0119pne wzory obr\u00f3bki kraw\u0119dzi:\r\n<p style=\"text-align: center;\"><img class=\"wp-image-1866 aligncenter\" src=\"http:\/\/www.msg-granit.pl\/wp-content\/uploads\/2011\/03\/krawedzie.jpg\" alt=\"krawedzie\" width=\"536\" height=\"260\" \/><\/p>\r\noraz wzory ewentualnych podkleje\u0144 blat\u00f3w kuchennych:\r\n<p style=\"text-align: center;\"><img class=\"wp-image-1867 aligncenter\" src=\"http:\/\/www.msg-granit.pl\/wp-content\/uploads\/2011\/03\/podklejka.jpg\" alt=\"podklejka\" width=\"465\" height=\"392\" \/><\/p>\r\n&nbsp;","_et_gb_content_width":"","_monsterinsights_skip_tracking":false,"_monsterinsights_sitenote_active":false,"_monsterinsights_sitenote_note":"","_monsterinsights_sitenote_category":0,"footnotes":""},"class_list":["post-1953","page","type-page","status-publish","hentry"],"_links":{"self":[{"href":"https:\/\/www.msg-granit.pl\/en\/wp-json\/wp\/v2\/pages\/1953","targetHints":{"allow":["GET"]}}],"collection":[{"href":"https:\/\/www.msg-granit.pl\/en\/wp-json\/wp\/v2\/pages"}],"about":[{"href":"https:\/\/www.msg-granit.pl\/en\/wp-json\/wp\/v2\/types\/page"}],"author":[{"embeddable":true,"href":"https:\/\/www.msg-granit.pl\/en\/wp-json\/wp\/v2\/users\/1"}],"replies":[{"embeddable":true,"href":"https:\/\/www.msg-granit.pl\/en\/wp-json\/wp\/v2\/comments?post=1953"}],"version-history":[{"count":2,"href":"https:\/\/www.msg-granit.pl\/en\/wp-json\/wp\/v2\/pages\/1953\/revisions"}],"predecessor-version":[{"id":1957,"href":"https:\/\/www.msg-granit.pl\/en\/wp-json\/wp\/v2\/pages\/1953\/revisions\/1957"}],"wp:attachment":[{"href":"https:\/\/www.msg-granit.pl\/en\/wp-json\/wp\/v2\/media?parent=1953"}],"curies":[{"name":"wp","href":"https:\/\/api.w.org\/{rel}","templated":true}]}}